{"id":375,"date":"2020-07-03T04:42:38","date_gmt":"2020-07-03T04:42:38","guid":{"rendered":"http:\/\/adres.com.mx\/en\/?page_id=375"},"modified":"2020-07-06T04:08:52","modified_gmt":"2020-07-06T04:08:52","slug":"375-2","status":"publish","type":"page","link":"https:\/\/adres.com.mx\/en\/375-2\/","title":{"rendered":"####"},"content":{"rendered":"<p>[et_pb_section fb_built=\u00bb1&#8243; _builder_version=\u00bb4.4.8&#8243; title_text=\u00bbCLIENTES 2&#8243; background_image=\u00bbhttp:\/\/adres.com.mx\/en\/wp-content\/uploads\/sites\/5\/2020\/07\/CLIENTES-2.jpg\u00bb hover_enabled=\u00bb0&#8243; width=\u00bb100%\u00bb][et_pb_row _builder_version=\u00bb4.4.8&#8243; transform_translate=\u00bb197px|74px\u00bb hover_enabled=\u00bb0&#8243;][et_pb_column _builder_version=\u00bb4.4.8&#8243; type=\u00bb4_4&#8243;][et_pb_text _builder_version=\u00bb4.4.8&#8243; hover_enabled=\u00bb0&#8243; text_font=\u00bbAntic Didone||on||||||\u00bb text_font_size=\u00bb35px\u00bb text_letter_spacing=\u00bb10px\u00bb text_text_color=\u00bb#80828b\u00bb text_orientation=\u00bbcenter\u00bb]<\/p>\n<p>HOTEL ROSEWOOD MAYAKOBA<\/p>\n<p>[\/et_pb_text][et_pb_text _builder_version=\u00bb4.4.8&#8243; text_font=\u00bbAntic Didone||||||||\u00bb text_text_color=\u00bb#80828b\u00bb hover_enabled=\u00bb0&#8243; text_letter_spacing=\u00bb1px\u00bb text_font_size=\u00bb13px\u00bb custom_margin=\u00bb-23px|||||\u00bb]<\/p>\n<p style=\"text-align: center;\">Ctra. Federal Canc\u00fan-Playa del Carmen KM 298 Solidaridad, Q. Roo, CP 77710 M\u00e9xico<\/p>\n<p>[\/et_pb_text][et_pb_image src=\u00bbhttp:\/\/adres.com.mx\/en\/wp-content\/uploads\/sites\/5\/2020\/07\/MK-Kitchen.jpg\u00bb _builder_version=\u00bb4.4.8&#8243; title_text=\u00bbMK-Kitchen\u00bb hover_enabled=\u00bb0&#8243; transform_scale=\u00bb86%|86%\u00bb transform_translate=\u00bb0px|-56px\u00bb][\/et_pb_image][\/et_pb_column][\/et_pb_row][\/et_pb_section][et_pb_section fb_built=\u00bb1&#8243; _builder_version=\u00bb4.4.8&#8243; custom_padding=\u00bb0px|||||\u00bb][et_pb_row _builder_version=\u00bb4.4.8&#8243;][et_pb_column _builder_version=\u00bb4.4.8&#8243; type=\u00bb4_4&#8243;][et_pb_image src=\u00bbhttp:\/\/adres.com.mx\/en\/wp-content\/uploads\/sites\/5\/2020\/07\/1-1.jpg\u00bb _builder_version=\u00bb4.4.8&#8243; title_text=\u00bb1&#8243; hover_enabled=\u00bb0&#8243; force_fullwidth=\u00bbon\u00bb align=\u00bbcenter\u00bb][\/et_pb_image][\/et_pb_column][\/et_pb_row][et_pb_row _builder_version=\u00bb4.4.8&#8243; use_custom_gutter=\u00bbon\u00bb gutter_width=\u00bb1&#8243; make_equal=\u00bbon\u00bb width=\u00bb100%\u00bb max_width=\u00bb2560px\u00bb module_alignment=\u00bbcenter\u00bb hover_enabled=\u00bb0&#8243; custom_padding=\u00bb2px|||||\u00bb][et_pb_column _builder_version=\u00bb4.4.8&#8243; type=\u00bb4_4&#8243;][et_pb_image src=\u00bbhttp:\/\/adres.com.mx\/en\/wp-content\/uploads\/sites\/5\/2020\/07\/rwm1.jpg\u00bb _builder_version=\u00bb4.4.8&#8243; title_text=\u00bbrwm1&#8243; hover_enabled=\u00bb0&#8243; align=\u00bbcenter\u00bb custom_margin=\u00bb-1px|||||\u00bb min_height=\u00bb704px\u00bb height=\u00bb675px\u00bb module_alignment=\u00bbcenter\u00bb][\/et_pb_image][\/et_pb_column][\/et_pb_row][et_pb_row _builder_version=\u00bb4.4.8&#8243; column_structure=\u00bb1_2,1_2&#8243; make_equal=\u00bbon\u00bb use_custom_gutter=\u00bbon\u00bb gutter_width=\u00bb2&#8243; hover_enabled=\u00bb0&#8243;][et_pb_column _builder_version=\u00bb4.4.8&#8243; type=\u00bb1_2&#8243;][et_pb_image src=\u00bbhttp:\/\/adres.com.mx\/en\/wp-content\/uploads\/sites\/5\/2020\/07\/2.jpg\u00bb _builder_version=\u00bb4.4.8&#8243; title_text=\u00bb2&#8243; hover_enabled=\u00bb0&#8243;][\/et_pb_image][\/et_pb_column][et_pb_column _builder_version=\u00bb4.4.8&#8243; type=\u00bb1_2&#8243;][et_pb_image src=\u00bbhttp:\/\/adres.com.mx\/en\/wp-content\/uploads\/sites\/5\/2020\/07\/3.jpg\u00bb _builder_version=\u00bb4.4.8&#8243; title_text=\u00bb3&#8243; hover_enabled=\u00bb0&#8243;][\/et_pb_image][\/et_pb_column][\/et_pb_row][et_pb_row _builder_version=\u00bb4.4.8&#8243;][et_pb_column _builder_version=\u00bb4.4.8&#8243; type=\u00bb4_4&#8243;][et_pb_image src=\u00bbhttp:\/\/adres.com.mx\/en\/wp-content\/uploads\/sites\/5\/2020\/07\/iconograf\u00eda.jpg\u00bb _builder_version=\u00bb4.4.8&#8243; title_text=\u00bbiconograf\u00eda\u00bb hover_enabled=\u00bb0&#8243; custom_padding=\u00bb0px|||||\u00bb][\/et_pb_image][\/et_pb_column][\/et_pb_row][\/et_pb_section][et_pb_section fb_built=\u00bb1&#8243; _builder_version=\u00bb4.4.8&#8243; background_color=\u00bb#eeeeee\u00bb custom_margin=\u00bb-31px||-77px||false|false\u00bb custom_padding=\u00bb88px||94px||false|false\u00bb][et_pb_row column_structure=\u00bb1_2,1_2&#8243; _builder_version=\u00bb4.4.8&#8243;][et_pb_column type=\u00bb1_2&#8243; _builder_version=\u00bb4.4.8&#8243;][et_pb_image src=\u00bbhttp:\/\/adres-com-mx.preview-domain.com\/wp-content\/uploads\/sites\/5\/2020\/07\/logo.png\u00bb title_text=\u00bblogo\u00bb _builder_version=\u00bb4.4.8&#8243; width=\u00bb37%\u00bb max_width=\u00bb34%\u00bb module_alignment=\u00bbleft\u00bb][\/et_pb_image][et_pb_text _builder_version=\u00bb4.4.8&#8243; text_font=\u00bbAntic Didone||||||||\u00bb text_font_size=\u00bb12px\u00bb text_letter_spacing=\u00bb2px\u00bb text_line_height=\u00bb1.4em\u00bb custom_margin=\u00bb54px||||false|false\u00bb]<\/p>\n<p>Adres M\u00e9xico es una empresa que cuenta con m\u00e1s de 25 a\u00f1os<br \/> de experiencia, colaborando con los mejores hoteles,<br \/> despacho de arquitectos y firmas de dise\u00f1o a nivel mundial.<\/p>\n<p>[\/et_pb_text][et_pb_text _builder_version=\u00bb4.4.8&#8243; text_font=\u00bbAntic Didone||||||||\u00bb text_font_size=\u00bb11px\u00bb link_text_color=\u00bb#000000&#8243; custom_margin=\u00bb45px||||false|false\u00bb]<\/p>\n<p>Sitio creado por <a href=\"https:\/\/www.bausacolectivo.com\/\">Bausa Colectivo<\/a><\/p>\n<p>[\/et_pb_text][\/et_pb_column][et_pb_column type=\u00bb1_2&#8243; _builder_version=\u00bb4.4.8&#8243;][et_pb_text _builder_version=\u00bb4.4.8&#8243; text_font=\u00bbAntic Didone||||||||\u00bb text_font_size=\u00bb11px\u00bb text_letter_spacing=\u00bb4px\u00bb link_text_color=\u00bbrgba(0,0,0,0.73)\u00bb custom_margin=\u00bb86px||||false|false\u00bb]<\/p>\n<p style=\"text-align: center;\"><a href=\"http:\/\/adres.com.mx\/en\/?page_id=215\">ADRES<\/a> \u00a0&#8211; <a href=\"http:\/\/adres.com.mx\/en\/?page_id=174\">HOTELES\u00a0<\/a>\u00a0 <a href=\"http:\/\/adres.com.mx\/en\/?page_id=119\">TALLERES<\/a>&#8211; <a href=\"http:\/\/adres.com.mx\/en\/?page_id=72\">CONTACTO<\/a><\/p>\n<p>[\/et_pb_text][et_pb_social_media_follow icon_color=\u00bb#FFFFFF\u00bb _builder_version=\u00bb4.4.8&#8243; text_orientation=\u00bbcenter\u00bb][et_pb_social_media_follow_network social_network=\u00bbfacebook\u00bb icon_color=\u00bb#9fa3a7&#8243; _builder_version=\u00bb4.4.8&#8243; background_color=\u00bb#eeeeee\u00bb background_enable_color=\u00bbon\u00bb follow_button=\u00bboff\u00bb url_new_window=\u00bbon\u00bb]facebook[\/et_pb_social_media_follow_network][et_pb_social_media_follow_network social_network=\u00bbtwitter\u00bb icon_color=\u00bb#9fa3a7&#8243; _builder_version=\u00bb4.4.8&#8243; background_color=\u00bb#eeeeee\u00bb background_enable_color=\u00bbon\u00bb follow_button=\u00bboff\u00bb url_new_window=\u00bbon\u00bb]twitter[\/et_pb_social_media_follow_network][\/et_pb_social_media_follow][\/et_pb_column][\/et_pb_row][\/et_pb_section]<\/p>\n","protected":false},"excerpt":{"rendered":"<p>HOTEL ROSEWOOD MAYAKOBA Ctra. Federal Canc\u00fan-Playa del Carmen KM 298 Solidaridad, Q. Roo, CP 77710 M\u00e9xico Adres M\u00e9xico es una empresa que cuenta con m\u00e1s de 25 a\u00f1os de experiencia, colaborando con los mejores hoteles, despacho de arquitectos y firmas de dise\u00f1o a nivel mundial.Sitio creado por Bausa ColectivoADRES \u00a0&#8211; HOTELES\u00a0\u00a0 TALLERES- CONTACTO<\/p>\n","protected":false},"author":1,"featured_media":0,"parent":0,"menu_order":0,"comment_status":"closed","ping_status":"closed","template":"","meta":{"_et_pb_use_builder":"on","_et_pb_old_content":"","_et_gb_content_width":"","footnotes":""},"class_list":["post-375","page","type-page","status-publish","hentry"],"_links":{"self":[{"href":"https:\/\/adres.com.mx\/en\/wp-json\/wp\/v2\/pages\/375","targetHints":{"allow":["GET"]}}],"collection":[{"href":"https:\/\/adres.com.mx\/en\/wp-json\/wp\/v2\/pages"}],"about":[{"href":"https:\/\/adres.com.mx\/en\/wp-json\/wp\/v2\/types\/page"}],"author":[{"embeddable":true,"href":"https:\/\/adres.com.mx\/en\/wp-json\/wp\/v2\/users\/1"}],"replies":[{"embeddable":true,"href":"https:\/\/adres.com.mx\/en\/wp-json\/wp\/v2\/comments?post=375"}],"version-history":[{"count":6,"href":"https:\/\/adres.com.mx\/en\/wp-json\/wp\/v2\/pages\/375\/revisions"}],"predecessor-version":[{"id":705,"href":"https:\/\/adres.com.mx\/en\/wp-json\/wp\/v2\/pages\/375\/revisions\/705"}],"wp:attachment":[{"href":"https:\/\/adres.com.mx\/en\/wp-json\/wp\/v2\/media?parent=375"}],"curies":[{"name":"wp","href":"https:\/\/api.w.org\/{rel}","templated":true}]}}